{"id":1038,"date":"2018-07-03T13:12:35","date_gmt":"2018-07-03T11:12:35","guid":{"rendered":"http:\/\/dame.kantt.fr\/?page_id=1038"},"modified":"2024-09-11T13:52:17","modified_gmt":"2024-09-11T11:52:17","slug":"my-commitment-to-serve-cote-divoire","status":"publish","type":"page","link":"https:\/\/dominiqueouattara.ci\/en\/my-commitment-to-serve-cote-divoire\/","title":{"rendered":"My commitment to serve C\u00f4te d&#8217;Ivoire"},"content":{"rendered":"\t\t<div data-elementor-type=\"wp-post\" data-elementor-id=\"1038\" class=\"elementor elementor-1038 elementor-992\" data-elementor-post-type=\"page\">\n\t\t\t\t<div class=\"elementor-element elementor-element-6ed1ea7 e-flex e-con-boxed e-con e-parent\" data-id=\"6ed1ea7\" data-element_type=\"container\" data-settings=\"{&quot;background_background&quot;:&quot;classic&quot;}\">\n\t\t\t\t\t<div class=\"e-con-inner\">\n\t\t\t\t<div class=\"elementor-element elementor-element-d15b671 elementor-widget elementor-widget-text-editor\" data-id=\"d15b671\" data-element_type=\"widget\" data-widget_type=\"text-editor.default\">\n\t\t\t\t<div class=\"elementor-widget-container\">\n\t\t\t\t\t\t\t\t\tMy commitment to serve C\u00f4te d&#8217;Ivoire\t\t\t\t\t\t\t\t<\/div>\n\t\t\t\t<\/div>\n\t\t\t\t<div class=\"elementor-element elementor-element-5f4e0aa elementor-widget elementor-widget-image\" data-id=\"5f4e0aa\" data-element_type=\"widget\" data-widget_type=\"image.default\">\n\t\t\t\t<div class=\"elementor-widget-container\">\n\t\t\t\t\t\t\t\t\t\t\t\t\t\t\t<img decoding=\"async\" width=\"300\" height=\"9\" src=\"https:\/\/dominiqueouattara.ci\/wp-content\/uploads\/2023\/02\/Rectangle-41-300x9.png\" class=\"attachment-medium size-medium wp-image-35230\" alt=\"\" srcset=\"https:\/\/dominiqueouattara.ci\/wp-content\/uploads\/2023\/02\/Rectangle-41-300x9.png 300w, https:\/\/dominiqueouattara.ci\/wp-content\/uploads\/2023\/02\/Rectangle-41-768x22.png 768w, https:\/\/dominiqueouattara.ci\/wp-content\/uploads\/2023\/02\/Rectangle-41-600x17.png 600w, https:\/\/dominiqueouattara.ci\/wp-content\/uploads\/2023\/02\/Rectangle-41-590x17.png 590w, https:\/\/dominiqueouattara.ci\/wp-content\/uploads\/2023\/02\/Rectangle-41.png 844w\" sizes=\"(max-width: 300px) 100vw, 300px\" \/>\t\t\t\t\t\t\t\t\t\t\t\t\t\t\t<\/div>\n\t\t\t\t<\/div>\n\t\t\t\t\t<\/div>\n\t\t\t\t<\/div>\n\t\t<div class=\"elementor-element elementor-element-0fe8eb0 e-flex e-con-boxed e-con e-parent\" data-id=\"0fe8eb0\" data-element_type=\"container\">\n\t\t\t\t\t<div class=\"e-con-inner\">\n\t\t\t\t<div class=\"elementor-element elementor-element-c4ae7ca elementor-widget elementor-widget-spacer\" data-id=\"c4ae7ca\" data-element_type=\"widget\" data-widget_type=\"spacer.default\">\n\t\t\t\t<div class=\"elementor-widget-container\">\n\t\t\t\t\t\t\t<div class=\"elementor-spacer\">\n\t\t\t<div class=\"elementor-spacer-inner\"><\/div>\n\t\t<\/div>\n\t\t\t\t\t\t<\/div>\n\t\t\t\t<\/div>\n\t\t\t\t\t<\/div>\n\t\t\t\t<\/div>\n\t\t<div class=\"elementor-element elementor-element-c0aa6d9 e-flex e-con-boxed e-con e-parent\" data-id=\"c0aa6d9\" data-element_type=\"container\">\n\t\t\t\t\t<div class=\"e-con-inner\">\n\t\t<div class=\"elementor-element elementor-element-baba350 e-con-full e-flex e-con e-child\" data-id=\"baba350\" data-element_type=\"container\">\n\t\t\t\t<div class=\"elementor-element elementor-element-4a2922a elementor-widget elementor-widget-image\" data-id=\"4a2922a\" data-element_type=\"widget\" data-widget_type=\"image.default\">\n\t\t\t\t<div class=\"elementor-widget-container\">\n\t\t\t\t\t\t\t\t\t\t\t\t\t\t\t<img fetchpriority=\"high\" decoding=\"async\" width=\"787\" height=\"1024\" src=\"https:\/\/dominiqueouattara.ci\/wp-content\/uploads\/2023\/05\/dominique-ouattara_photo-alain-herman-787x1024.jpg\" class=\"attachment-large size-large wp-image-42580\" alt=\"\" srcset=\"https:\/\/dominiqueouattara.ci\/wp-content\/uploads\/2023\/05\/dominique-ouattara_photo-alain-herman-787x1024.jpg 787w, https:\/\/dominiqueouattara.ci\/wp-content\/uploads\/2023\/05\/dominique-ouattara_photo-alain-herman-231x300.jpg 231w, https:\/\/dominiqueouattara.ci\/wp-content\/uploads\/2023\/05\/dominique-ouattara_photo-alain-herman-768x999.jpg 768w, https:\/\/dominiqueouattara.ci\/wp-content\/uploads\/2023\/05\/dominique-ouattara_photo-alain-herman-590x767.jpg 590w, https:\/\/dominiqueouattara.ci\/wp-content\/uploads\/2023\/05\/dominique-ouattara_photo-alain-herman.jpg 1084w\" sizes=\"(max-width: 787px) 100vw, 787px\" \/>\t\t\t\t\t\t\t\t\t\t\t\t\t\t\t<\/div>\n\t\t\t\t<\/div>\n\t\t\t\t<div class=\"elementor-element elementor-element-ee28fe5 elementor-widget elementor-widget-text-editor\" data-id=\"ee28fe5\" data-element_type=\"widget\" data-widget_type=\"text-editor.default\">\n\t\t\t\t<div class=\"elementor-widget-container\">\n\t\t\t\t\t\t\t\t\tDominique Ouattara\t\t\t\t\t\t\t\t<\/div>\n\t\t\t\t<\/div>\n\t\t\t\t<div class=\"elementor-element elementor-element-a9deb57 elementor-widget__width-initial elementor-widget elementor-widget-text-editor\" data-id=\"a9deb57\" data-element_type=\"widget\" data-widget_type=\"text-editor.default\">\n\t\t\t\t<div class=\"elementor-widget-container\">\n\t\t\t\t\t\t\t\t\tFirst Lady of C\u00f4te d\u2019Ivoire\t\t\t\t\t\t\t\t<\/div>\n\t\t\t\t<\/div>\n\t\t\t\t<\/div>\n\t\t<div class=\"elementor-element elementor-element-b15fb8e e-con-full e-flex e-con e-child\" data-id=\"b15fb8e\" data-element_type=\"container\">\n\t\t\t\t<div class=\"elementor-element elementor-element-2f930b2 elementor-widget elementor-widget-text-editor\" data-id=\"2f930b2\" data-element_type=\"widget\" data-widget_type=\"text-editor.default\">\n\t\t\t\t<div class=\"elementor-widget-container\">\n\t\t\t\t\t\t\t\t\t<p>Dear users,<\/p><p>Welcome to my official website. This platform will provide you with all the information you need about my mission as First Lady of the Republic of C\u00f4te d&#8217;Ivoire. Indeed, as soon as my husband, President Alassane Ouattara, became President of our country, I gave up my activities as company director to put myself at the service of my fellow citizens, especially children in difficulty, through my Foundation, Children of Africa.<br \/>On this website, you&#8217;ll find details of my career path, my humanitarian commitment and my social action on behalf of women. I also share my vision for child protection in C\u00f4te d&#8217;Ivoire and Africa, and my contribution to the empowerment of women. Since a child&#8217;s happiness is inextricably linked to that of his or her mother, the development of my sisters is an important part of my program.<br \/>Through this platform, you will find out about my activities on a daily basis, and also follow the implementation of our various actions in the following areas:<\/p>\t\t\t\t\t\t\t\t<\/div>\n\t\t\t\t<\/div>\n\t\t\t\t<div class=\"elementor-element elementor-element-cebe873 elementor-widget elementor-widget-text-editor\" data-id=\"cebe873\" data-element_type=\"widget\" data-widget_type=\"text-editor.default\">\n\t\t\t\t<div class=\"elementor-widget-container\">\n\t\t\t\t\t\t\t\t\t<p><img decoding=\"async\" src=\"https:\/\/dominiqueouattara.ci\/wp-content\/uploads\/2023\/02\/Ellipse-1-1.png\" alt=\"Ellipse\" width=\"10\" height=\"10\" \/> The fight against child trafficking and the worst forms of child labor with <a href=\"https:\/\/dominiqueouattara.ci\/en\/combatting-child-labor\/\">CNS<\/a>\u00a0;<\/p>\t\t\t\t\t\t\t\t<\/div>\n\t\t\t\t<\/div>\n\t\t\t\t<div class=\"elementor-element elementor-element-2f6e1e4 elementor-widget elementor-widget-text-editor\" data-id=\"2f6e1e4\" data-element_type=\"widget\" data-widget_type=\"text-editor.default\">\n\t\t\t\t<div class=\"elementor-widget-container\">\n\t\t\t\t\t\t\t\t\t<p><img decoding=\"async\" src=\"https:\/\/dominiqueouattara.ci\/wp-content\/uploads\/2023\/02\/Ellipse-1-1.png\" alt=\"Ellipse\" width=\"10\" height=\"10\" \/> The financing of micro-projects for women in C\u00f4te d&#8217;Ivoire through the <a href=\"\/en\/providing-financial-support-to-women-in-cote-divoire\/\">FAFCI <\/a>fund program;<\/p>\t\t\t\t\t\t\t\t<\/div>\n\t\t\t\t<\/div>\n\t\t\t\t<div class=\"elementor-element elementor-element-db9a2bb elementor-widget elementor-widget-text-editor\" data-id=\"db9a2bb\" data-element_type=\"widget\" data-widget_type=\"text-editor.default\">\n\t\t\t\t<div class=\"elementor-widget-container\">\n\t\t\t\t\t\t\t\t\t<p><img decoding=\"async\" src=\"https:\/\/dominiqueouattara.ci\/wp-content\/uploads\/2023\/02\/Ellipse-1-1.png\" alt=\"Ellipse\" width=\"10\" height=\"10\" \/> The elimination of HIV\/AIDS and mother-to-child transmission in partnership with <a href=\"https:\/\/dominiqueouattara.ci\/en\/unaids-special-ambassador\/\">l\u2019ONUSIDA<\/a>\u00a0;<\/p>\t\t\t\t\t\t\t\t<\/div>\n\t\t\t\t<\/div>\n\t\t\t\t<div class=\"elementor-element elementor-element-ef14334 elementor-widget elementor-widget-text-editor\" data-id=\"ef14334\" data-element_type=\"widget\" data-widget_type=\"text-editor.default\">\n\t\t\t\t<div class=\"elementor-widget-container\">\n\t\t\t\t\t\t\t\t\t<p><img decoding=\"async\" src=\"https:\/\/dominiqueouattara.ci\/wp-content\/uploads\/2023\/02\/Ellipse-1-1.png\" alt=\"Ellipse\" width=\"10\" height=\"10\" \/> The Promotion of health and education through the <a href=\"\/en\/to-help-children-in-africa\/\">CHILDREN OF AFRICA <\/a>Foundation.<\/p>\t\t\t\t\t\t\t\t<\/div>\n\t\t\t\t<\/div>\n\t\t\t\t<div class=\"elementor-element elementor-element-759629e elementor-widget elementor-widget-text-editor\" data-id=\"759629e\" data-element_type=\"widget\" data-widget_type=\"text-editor.default\">\n\t\t\t\t<div class=\"elementor-widget-container\">\n\t\t\t\t\t\t\t\t\t<p>I am supported in my task by the members of my cabinet who have been working tirelessly in achieving our objectives.<br \/>I am happy to tell you that this website is a great opportunity for me to interact with my Ivorian brothers and sisters and other users around the world.<\/p>\t\t\t\t\t\t\t\t<\/div>\n\t\t\t\t<\/div>\n\t\t\t\t<\/div>\n\t\t\t\t\t<\/div>\n\t\t\t\t<\/div>\n\t\t\t\t<\/div>\n\t\t","protected":false},"excerpt":{"rendered":"<p>My commitment to serve C\u00f4te d&#8217;Ivoire Dominique OuattaraFirst Lady of C\u00f4te d\u2019Ivoire Dear users, Welcome to my official website. This platform will provide you with all the information you need about my mission as First Lady of the Republic of C\u00f4te d&#8217;Ivoire. Indeed, as soon as my husband, President Alassane Ouattara, became President of our &hellip;<\/p>\n<p class=\"read-more\"> <a class=\"\" href=\"https:\/\/dominiqueouattara.ci\/en\/my-commitment-to-serve-cote-divoire\/\"> <span class=\"screen-reader-text\">My commitment to serve C\u00f4te d&#8217;Ivoire<\/span> Read More &raquo;<\/a><\/p>\n","protected":false},"author":1,"featured_media":11686,"parent":0,"menu_order":0,"comment_status":"closed","ping_status":"closed","template":"","meta":{"site-sidebar-layout":"no-sidebar","site-content-layout":"page-builder","ast-global-header-display":"","ast-main-header-display":"","ast-hfb-above-header-display":"","ast-hfb-below-header-display":"","ast-hfb-mobile-header-display":"","site-post-title":"disabled","ast-breadcrumbs-content":"","ast-featured-img":"disabled","footer-sml-layout":"","theme-transparent-header-meta":"default","adv-header-id-meta":"","stick-header-meta":"default","header-above-stick-meta":"","header-main-stick-meta":"","header-below-stick-meta":"","footnotes":""},"yoast_head":"<!-- This site is optimized with the Yoast SEO plugin v22.8 - https:\/\/yoast.com\/wordpress\/plugins\/seo\/ -->\n<title>My commitment to serve C\u00f4te d&#039;Ivoire - Dominique Ouattara<\/title>\n<meta name=\"robots\" content=\"index, follow, max-snippet:-1, max-image-preview:large, max-video-preview:-1\" \/>\n<link rel=\"canonical\" href=\"https:\/\/dominiqueouattara.ci\/en\/my-commitment-to-serve-cote-divoire\/\" \/>\n<meta property=\"og:locale\" content=\"en_US\" \/>\n<meta property=\"og:type\" content=\"article\" \/>\n<meta property=\"og:title\" content=\"My commitment to serve C\u00f4te d&#039;Ivoire - Dominique Ouattara\" \/>\n<meta property=\"og:description\" content=\"My commitment to serve C\u00f4te d&#8217;Ivoire Dominique OuattaraFirst Lady of C\u00f4te d\u2019Ivoire Dear users, Welcome to my official website. This platform will provide you with all the information you need about my mission as First Lady of the Republic of C\u00f4te d&#8217;Ivoire. Indeed, as soon as my husband, President Alassane Ouattara, became President of our &hellip; My commitment to serve C\u00f4te d&#8217;Ivoire Read More &raquo;\" \/>\n<meta property=\"og:url\" content=\"https:\/\/dominiqueouattara.ci\/en\/my-commitment-to-serve-cote-divoire\/\" \/>\n<meta property=\"og:site_name\" content=\"Dominique Ouattara\" \/>\n<meta property=\"article:publisher\" content=\"https:\/\/www.facebook.com\/dominiqueouattara.ci?ref=ts\" \/>\n<meta property=\"article:modified_time\" content=\"2024-09-11T11:52:17+00:00\" \/>\n<meta property=\"og:image\" content=\"https:\/\/dominiqueouattara.ci\/wp-content\/uploads\/2018\/05\/Sensengagement.jpg\" \/>\n\t<meta property=\"og:image:width\" content=\"714\" \/>\n\t<meta property=\"og:image:height\" content=\"476\" \/>\n\t<meta property=\"og:image:type\" content=\"image\/jpeg\" \/>\n<meta name=\"twitter:card\" content=\"summary_large_image\" \/>\n<meta name=\"twitter:site\" content=\"@dominiqueouat\" \/>\n<meta name=\"twitter:label1\" content=\"Est. reading time\" \/>\n\t<meta name=\"twitter:data1\" content=\"1 minute\" \/>\n<script type=\"application\/ld+json\" class=\"yoast-schema-graph\">{\"@context\":\"https:\/\/schema.org\",\"@graph\":[{\"@type\":\"WebPage\",\"@id\":\"https:\/\/dominiqueouattara.ci\/en\/my-commitment-to-serve-cote-divoire\/\",\"url\":\"https:\/\/dominiqueouattara.ci\/en\/my-commitment-to-serve-cote-divoire\/\",\"name\":\"My commitment to serve C\u00f4te d'Ivoire - Dominique Ouattara\",\"isPartOf\":{\"@id\":\"https:\/\/dominiqueouattara.ci\/en\/#website\"},\"primaryImageOfPage\":{\"@id\":\"https:\/\/dominiqueouattara.ci\/en\/my-commitment-to-serve-cote-divoire\/#primaryimage\"},\"image\":{\"@id\":\"https:\/\/dominiqueouattara.ci\/en\/my-commitment-to-serve-cote-divoire\/#primaryimage\"},\"thumbnailUrl\":\"https:\/\/dominiqueouattara.ci\/wp-content\/uploads\/2018\/05\/Sensengagement.jpg\",\"datePublished\":\"2018-07-03T11:12:35+00:00\",\"dateModified\":\"2024-09-11T11:52:17+00:00\",\"breadcrumb\":{\"@id\":\"https:\/\/dominiqueouattara.ci\/en\/my-commitment-to-serve-cote-divoire\/#breadcrumb\"},\"inLanguage\":\"en-US\",\"potentialAction\":[{\"@type\":\"ReadAction\",\"target\":[\"https:\/\/dominiqueouattara.ci\/en\/my-commitment-to-serve-cote-divoire\/\"]}]},{\"@type\":\"ImageObject\",\"inLanguage\":\"en-US\",\"@id\":\"https:\/\/dominiqueouattara.ci\/en\/my-commitment-to-serve-cote-divoire\/#primaryimage\",\"url\":\"https:\/\/dominiqueouattara.ci\/wp-content\/uploads\/2018\/05\/Sensengagement.jpg\",\"contentUrl\":\"https:\/\/dominiqueouattara.ci\/wp-content\/uploads\/2018\/05\/Sensengagement.jpg\",\"width\":714,\"height\":476},{\"@type\":\"BreadcrumbList\",\"@id\":\"https:\/\/dominiqueouattara.ci\/en\/my-commitment-to-serve-cote-divoire\/#breadcrumb\",\"itemListElement\":[{\"@type\":\"ListItem\",\"position\":1,\"name\":\"Accueil\",\"item\":\"https:\/\/dominiqueouattara.ci\/en\/\"},{\"@type\":\"ListItem\",\"position\":2,\"name\":\"My commitment to serve C\u00f4te d&rsquo;Ivoire\"}]},{\"@type\":\"WebSite\",\"@id\":\"https:\/\/dominiqueouattara.ci\/en\/#website\",\"url\":\"https:\/\/dominiqueouattara.ci\/en\/\",\"name\":\"Dominique Ouattara\",\"description\":\"\",\"potentialAction\":[{\"@type\":\"SearchAction\",\"target\":{\"@type\":\"EntryPoint\",\"urlTemplate\":\"https:\/\/dominiqueouattara.ci\/en\/?s={search_term_string}\"},\"query-input\":\"required name=search_term_string\"}],\"inLanguage\":\"en-US\"}]}<\/script>\n<!-- \/ Yoast SEO plugin. -->","yoast_head_json":{"title":"My commitment to serve C\u00f4te d'Ivoire - Dominique Ouattara","robots":{"index":"index","follow":"follow","max-snippet":"max-snippet:-1","max-image-preview":"max-image-preview:large","max-video-preview":"max-video-preview:-1"},"canonical":"https:\/\/dominiqueouattara.ci\/en\/my-commitment-to-serve-cote-divoire\/","og_locale":"en_US","og_type":"article","og_title":"My commitment to serve C\u00f4te d'Ivoire - Dominique Ouattara","og_description":"My commitment to serve C\u00f4te d&#8217;Ivoire Dominique OuattaraFirst Lady of C\u00f4te d\u2019Ivoire Dear users, Welcome to my official website. This platform will provide you with all the information you need about my mission as First Lady of the Republic of C\u00f4te d&#8217;Ivoire. Indeed, as soon as my husband, President Alassane Ouattara, became President of our &hellip; My commitment to serve C\u00f4te d&#8217;Ivoire Read More &raquo;","og_url":"https:\/\/dominiqueouattara.ci\/en\/my-commitment-to-serve-cote-divoire\/","og_site_name":"Dominique Ouattara","article_publisher":"https:\/\/www.facebook.com\/dominiqueouattara.ci?ref=ts","article_modified_time":"2024-09-11T11:52:17+00:00","og_image":[{"width":714,"height":476,"url":"https:\/\/dominiqueouattara.ci\/wp-content\/uploads\/2018\/05\/Sensengagement.jpg","type":"image\/jpeg"}],"twitter_card":"summary_large_image","twitter_site":"@dominiqueouat","twitter_misc":{"Est. reading time":"1 minute"},"schema":{"@context":"https:\/\/schema.org","@graph":[{"@type":"WebPage","@id":"https:\/\/dominiqueouattara.ci\/en\/my-commitment-to-serve-cote-divoire\/","url":"https:\/\/dominiqueouattara.ci\/en\/my-commitment-to-serve-cote-divoire\/","name":"My commitment to serve C\u00f4te d'Ivoire - Dominique Ouattara","isPartOf":{"@id":"https:\/\/dominiqueouattara.ci\/en\/#website"},"primaryImageOfPage":{"@id":"https:\/\/dominiqueouattara.ci\/en\/my-commitment-to-serve-cote-divoire\/#primaryimage"},"image":{"@id":"https:\/\/dominiqueouattara.ci\/en\/my-commitment-to-serve-cote-divoire\/#primaryimage"},"thumbnailUrl":"https:\/\/dominiqueouattara.ci\/wp-content\/uploads\/2018\/05\/Sensengagement.jpg","datePublished":"2018-07-03T11:12:35+00:00","dateModified":"2024-09-11T11:52:17+00:00","breadcrumb":{"@id":"https:\/\/dominiqueouattara.ci\/en\/my-commitment-to-serve-cote-divoire\/#breadcrumb"},"inLanguage":"en-US","potentialAction":[{"@type":"ReadAction","target":["https:\/\/dominiqueouattara.ci\/en\/my-commitment-to-serve-cote-divoire\/"]}]},{"@type":"ImageObject","inLanguage":"en-US","@id":"https:\/\/dominiqueouattara.ci\/en\/my-commitment-to-serve-cote-divoire\/#primaryimage","url":"https:\/\/dominiqueouattara.ci\/wp-content\/uploads\/2018\/05\/Sensengagement.jpg","contentUrl":"https:\/\/dominiqueouattara.ci\/wp-content\/uploads\/2018\/05\/Sensengagement.jpg","width":714,"height":476},{"@type":"BreadcrumbList","@id":"https:\/\/dominiqueouattara.ci\/en\/my-commitment-to-serve-cote-divoire\/#breadcrumb","itemListElement":[{"@type":"ListItem","position":1,"name":"Accueil","item":"https:\/\/dominiqueouattara.ci\/en\/"},{"@type":"ListItem","position":2,"name":"My commitment to serve C\u00f4te d&rsquo;Ivoire"}]},{"@type":"WebSite","@id":"https:\/\/dominiqueouattara.ci\/en\/#website","url":"https:\/\/dominiqueouattara.ci\/en\/","name":"Dominique Ouattara","description":"","potentialAction":[{"@type":"SearchAction","target":{"@type":"EntryPoint","urlTemplate":"https:\/\/dominiqueouattara.ci\/en\/?s={search_term_string}"},"query-input":"required name=search_term_string"}],"inLanguage":"en-US"}]}},"_links":{"self":[{"href":"https:\/\/dominiqueouattara.ci\/en\/wp-json\/wp\/v2\/pages\/1038"}],"collection":[{"href":"https:\/\/dominiqueouattara.ci\/en\/wp-json\/wp\/v2\/pages"}],"about":[{"href":"https:\/\/dominiqueouattara.ci\/en\/wp-json\/wp\/v2\/types\/page"}],"author":[{"embeddable":true,"href":"https:\/\/dominiqueouattara.ci\/en\/wp-json\/wp\/v2\/users\/1"}],"replies":[{"embeddable":true,"href":"https:\/\/dominiqueouattara.ci\/en\/wp-json\/wp\/v2\/comments?post=1038"}],"version-history":[{"count":48,"href":"https:\/\/dominiqueouattara.ci\/en\/wp-json\/wp\/v2\/pages\/1038\/revisions"}],"predecessor-version":[{"id":52852,"href":"https:\/\/dominiqueouattara.ci\/en\/wp-json\/wp\/v2\/pages\/1038\/revisions\/52852"}],"wp:featuredmedia":[{"embeddable":true,"href":"https:\/\/dominiqueouattara.ci\/en\/wp-json\/wp\/v2\/media\/11686"}],"wp:attachment":[{"href":"https:\/\/dominiqueouattara.ci\/en\/wp-json\/wp\/v2\/media?parent=1038"}],"curies":[{"name":"wp","href":"https:\/\/api.w.org\/{rel}","templated":true}]}}