{"id":942,"date":"2018-06-12T18:58:12","date_gmt":"2018-06-12T16:58:12","guid":{"rendered":"http:\/\/dame.kantt.fr\/?page_id=942"},"modified":"2024-11-13T13:57:11","modified_gmt":"2024-11-13T12:57:11","slug":"providing-financial-support-to-women-in-cote-divoire","status":"publish","type":"page","link":"https:\/\/dominiqueouattara.ci\/en\/providing-financial-support-to-women-in-cote-divoire\/","title":{"rendered":"Providing financial support to women in C\u00f4te d&#8217;Ivoire"},"content":{"rendered":"<h2>Providing financial support to women in C\u00f4te d&#8217;Ivoire <\/h2>\n<p>\t\t\t\t\t\t\t\t\t\t\t\t\t<img decoding=\"async\" width=\"300\" height=\"9\" src=\"https:\/\/dominiqueouattara.ci\/wp-content\/uploads\/2023\/02\/Rectangle-41-300x9.png\" alt=\"\" srcset=\"https:\/\/dominiqueouattara.ci\/wp-content\/uploads\/2023\/02\/Rectangle-41-300x9.png 300w, https:\/\/dominiqueouattara.ci\/wp-content\/uploads\/2023\/02\/Rectangle-41-768x22.png 768w, https:\/\/dominiqueouattara.ci\/wp-content\/uploads\/2023\/02\/Rectangle-41-600x17.png 600w, https:\/\/dominiqueouattara.ci\/wp-content\/uploads\/2023\/02\/Rectangle-41-590x17.png 590w, https:\/\/dominiqueouattara.ci\/wp-content\/uploads\/2023\/02\/Rectangle-41.png 844w\" sizes=\"(max-width: 300px) 100vw, 300px\" \/><br \/>\n\t\t\t\t\t\t\t\t\t\t\t\t\t<img fetchpriority=\"high\" decoding=\"async\" width=\"1024\" height=\"683\" src=\"https:\/\/dominiqueouattara.ci\/wp-content\/uploads\/2023\/03\/DSC_8782-1024x683.jpg\" alt=\"\" srcset=\"https:\/\/dominiqueouattara.ci\/wp-content\/uploads\/2023\/03\/DSC_8782-1024x683.jpg 1024w, https:\/\/dominiqueouattara.ci\/wp-content\/uploads\/2023\/03\/DSC_8782-300x200.jpg 300w, https:\/\/dominiqueouattara.ci\/wp-content\/uploads\/2023\/03\/DSC_8782-768x512.jpg 768w, https:\/\/dominiqueouattara.ci\/wp-content\/uploads\/2023\/03\/DSC_8782-1536x1024.jpg 1536w, https:\/\/dominiqueouattara.ci\/wp-content\/uploads\/2023\/03\/DSC_8782-2048x1365.jpg 2048w, https:\/\/dominiqueouattara.ci\/wp-content\/uploads\/2023\/03\/DSC_8782-450x300.jpg 450w, https:\/\/dominiqueouattara.ci\/wp-content\/uploads\/2023\/03\/DSC_8782-590x393.jpg 590w\" sizes=\"(max-width: 1024px) 100vw, 1024px\" \/>\t\t\t\t\t\t\t\t\t\t\t\t\t<\/p>\n<p>The First Lady of C\u00f4te d&#8217;Ivoire, Mrs Dominique Ouattara, has decided to bring to life an electoral promise made by her husband, Mr. Alassane Ouattara, President of the Republic of C\u00f4te d&#8217;Ivoire, which is to make available to the women of C\u00f4te d&#8217;Ivoire a fund in the form of a loan, to help them create or expand their income-generating activities.<\/p>\n<p>\t\t\t\t\t\t\t\t\t\t\t\t\t<img decoding=\"async\" width=\"1134\" height=\"850\" src=\"https:\/\/dominiqueouattara.ci\/wp-content\/uploads\/2019\/03\/FAFCI-AXE-6b.jpg\" alt=\"\" srcset=\"https:\/\/dominiqueouattara.ci\/wp-content\/uploads\/2019\/03\/FAFCI-AXE-6b.jpg 1134w, https:\/\/dominiqueouattara.ci\/wp-content\/uploads\/2019\/03\/FAFCI-AXE-6b-300x225.jpg 300w, https:\/\/dominiqueouattara.ci\/wp-content\/uploads\/2019\/03\/FAFCI-AXE-6b-768x576.jpg 768w, https:\/\/dominiqueouattara.ci\/wp-content\/uploads\/2019\/03\/FAFCI-AXE-6b-1024x768.jpg 1024w, https:\/\/dominiqueouattara.ci\/wp-content\/uploads\/2019\/03\/FAFCI-AXE-6b-400x300.jpg 400w, https:\/\/dominiqueouattara.ci\/wp-content\/uploads\/2019\/03\/FAFCI-AXE-6b-590x442.jpg 590w\" sizes=\"(max-width: 1134px) 100vw, 1134px\" \/>\t\t\t\t\t\t\t\t\t\t\t\t\t<\/p>\n<h2>About FAFCI<\/h2>\n<p>The FAFCI was created by decree n\u00b0 2012-1106 and is part of the implementation of the promise made by the President of the Republic to assist Ivorian women ;<\/p>\n<p>FAFCI is a low-interest credit fund with a capital of 26 billions FCFA.<\/p>\n<p>\t\t\t\t\t\t\t\t\t\t\t\t\t<img loading=\"lazy\" decoding=\"async\" width=\"1024\" height=\"768\" src=\"https:\/\/dominiqueouattara.ci\/wp-content\/uploads\/2019\/03\/CHANTALE-1024x768.jpg\" alt=\"\" srcset=\"https:\/\/dominiqueouattara.ci\/wp-content\/uploads\/2019\/03\/CHANTALE-1024x768.jpg 1024w, https:\/\/dominiqueouattara.ci\/wp-content\/uploads\/2019\/03\/CHANTALE-300x225.jpg 300w, https:\/\/dominiqueouattara.ci\/wp-content\/uploads\/2019\/03\/CHANTALE-768x576.jpg 768w, https:\/\/dominiqueouattara.ci\/wp-content\/uploads\/2019\/03\/CHANTALE-400x300.jpg 400w, https:\/\/dominiqueouattara.ci\/wp-content\/uploads\/2019\/03\/CHANTALE-590x442.jpg 590w, https:\/\/dominiqueouattara.ci\/wp-content\/uploads\/2019\/03\/CHANTALE.jpg 1134w\" sizes=\"(max-width: 1024px) 100vw, 1024px\" \/>\t\t\t\t\t\t\t\t\t\t\t\t\t<\/p>\n<p>FAFCI&#8217;s objective is to enable women to access low-cost financial resources to create or strengthen income-generating activities. It also aims to train and sensitize women in the management of their income-generating activities.<\/p>\n<p>\t\t\t\t\t\t\t\t\t\t\t\t\t<img loading=\"lazy\" decoding=\"async\" width=\"1024\" height=\"768\" src=\"https:\/\/dominiqueouattara.ci\/wp-content\/uploads\/2019\/03\/MARTINE-1024x768.jpg\" alt=\"\" srcset=\"https:\/\/dominiqueouattara.ci\/wp-content\/uploads\/2019\/03\/MARTINE-1024x768.jpg 1024w, https:\/\/dominiqueouattara.ci\/wp-content\/uploads\/2019\/03\/MARTINE-300x225.jpg 300w, https:\/\/dominiqueouattara.ci\/wp-content\/uploads\/2019\/03\/MARTINE-768x576.jpg 768w, https:\/\/dominiqueouattara.ci\/wp-content\/uploads\/2019\/03\/MARTINE-400x300.jpg 400w, https:\/\/dominiqueouattara.ci\/wp-content\/uploads\/2019\/03\/MARTINE-590x442.jpg 590w, https:\/\/dominiqueouattara.ci\/wp-content\/uploads\/2019\/03\/MARTINE.jpg 1134w\" sizes=\"(max-width: 1024px) 100vw, 1024px\" \/>\t\t\t\t\t\t\t\t\t\t\t\t\t<\/p>\n<h2>FAFCI achievements<\/h2>\n<p>FAFCI has helped finance income-generating activities for nearly 370,000 women to date, thanks to the involvement of decentralized financial systems (SFD). 58 billion CFA francs have been invested to date, with a repayment rate of 98%!<\/p>\n<p>Who can benefit from the fund?<\/p>\n<p>Ivorian women and women&#8217;s groups<\/p>\n<p>Women aged 21 or over<\/p>\n<p>Women with an income-generating activity project or who are engaged in an income-generating activity.<\/p>\n<h2>Organizations and partners <\/h2>\n<p>The FAFCI is made up of the following bodies:<\/p>\n<p>The steering committee: responsible for ensuring the effective implementation and achievement of FAFCI objectives.<\/p>\n<p>The technical secretariat: this is the fund&#8217;s implementing body. It ensures compliance with the conditions for optimal use of the fund in line with project objectives.<\/p>\n<p>The communication unit: carries out the actions required to promote the FAFCI.<\/p>\n<p>\t\t\t\t\t\t\t\t\t\t\t\t\t<img loading=\"lazy\" decoding=\"async\" width=\"1024\" height=\"768\" src=\"https:\/\/dominiqueouattara.ci\/wp-content\/uploads\/2019\/03\/HELENE-1024x768.jpg\" alt=\"\" srcset=\"https:\/\/dominiqueouattara.ci\/wp-content\/uploads\/2019\/03\/HELENE-1024x768.jpg 1024w, https:\/\/dominiqueouattara.ci\/wp-content\/uploads\/2019\/03\/HELENE-300x225.jpg 300w, https:\/\/dominiqueouattara.ci\/wp-content\/uploads\/2019\/03\/HELENE-768x576.jpg 768w, https:\/\/dominiqueouattara.ci\/wp-content\/uploads\/2019\/03\/HELENE-400x300.jpg 400w, https:\/\/dominiqueouattara.ci\/wp-content\/uploads\/2019\/03\/HELENE-590x442.jpg 590w, https:\/\/dominiqueouattara.ci\/wp-content\/uploads\/2019\/03\/HELENE.jpg 1134w\" sizes=\"(max-width: 1024px) 100vw, 1024px\" \/>\t\t\t\t\t\t\t\t\t\t\t\t\t<\/p>\n<p>The funds are held by Atlantic Bank, the financial partner of the Ivorian Fund for Women. They are made available to women who request them through microfinance partners UNACOOPEC, GESCI, Compagnie Africaine de Credit and ECOCRED MICROFINANCE, which have branches throughout the country. This enables all women, including those living in the most remote areas, to benefit from the fund.<\/p>\n<h2>Find out more about FAFCI<\/h2>\n<p>\t\t\t\t\t<a href=\"https:\/\/www.facebook.com\/fafci.ci\/\"><br \/>\n\t\t\t\t\t\t\t\t\thttps:\/\/www.facebook.com\/fafci.ci\/<br \/>\n\t\t\t\t\t<\/a><br \/>\n\t\t\t\t\t\t\t\t\t\t\t\t\t\t<a href=\"https:\/\/www.facebook.com\/fafci.ci\/\" target=\"_blank\" rel=\"noopener\"><br \/>\n\t\t\t\t\t\t\t<img loading=\"lazy\" decoding=\"async\" width=\"903\" height=\"506\" src=\"https:\/\/dominiqueouattara.ci\/wp-content\/uploads\/2024\/11\/fafci.png\" alt=\"\" srcset=\"https:\/\/dominiqueouattara.ci\/wp-content\/uploads\/2024\/11\/fafci.png 903w, https:\/\/dominiqueouattara.ci\/wp-content\/uploads\/2024\/11\/fafci-300x168.png 300w, https:\/\/dominiqueouattara.ci\/wp-content\/uploads\/2024\/11\/fafci-768x430.png 768w, https:\/\/dominiqueouattara.ci\/wp-content\/uploads\/2024\/11\/fafci-200x112.png 200w, https:\/\/dominiqueouattara.ci\/wp-content\/uploads\/2024\/11\/fafci-535x300.png 535w, https:\/\/dominiqueouattara.ci\/wp-content\/uploads\/2024\/11\/fafci-590x331.png 590w\" sizes=\"(max-width: 903px) 100vw, 903px\" \/>\t\t\t\t\t\t\t\t<\/a><\/p>\n<h2>How can I benefit from a FAFCI loan?<\/h2>\n<div class=\"ast-oembed-container\" style=\"height: 100%;\"><iframe title=\"COMMENT AVOIR UN PR\u00caT FAFCI\" width=\"500\" height=\"281\" src=\"https:\/\/www.youtube.com\/embed\/-hgW1YQklKo?feature=oembed\" frameborder=\"0\" allow=\"accelerometer; autoplay; clipboard-write; encrypted-media; gyroscope; picture-in-picture; web-share\" referrerpolicy=\"strict-origin-when-cross-origin\" allowfullscreen><\/iframe><\/div>\n<h2>FAFCI booklet<\/h2>\n<p>\t\t\t\t\t\t\t\t\t\t\t\t\t\t<a href=\"https:\/\/dominiqueouattara.ci\/wp-content\/uploads\/2024\/11\/PLAQUETTE-FAFCI-ANGLAIS-2024.pdf\" target=\"_blank\" rel=\"noopener\"><br \/>\n\t\t\t\t\t\t\t<img loading=\"lazy\" decoding=\"async\" width=\"768\" height=\"600\" src=\"https:\/\/dominiqueouattara.ci\/wp-content\/uploads\/2024\/11\/PLAQUETTE-FAFCI-ANGLAIS-2024-1-768x600.png\" alt=\"\" srcset=\"https:\/\/dominiqueouattara.ci\/wp-content\/uploads\/2024\/11\/PLAQUETTE-FAFCI-ANGLAIS-2024-1-768x600.png 768w, https:\/\/dominiqueouattara.ci\/wp-content\/uploads\/2024\/11\/PLAQUETTE-FAFCI-ANGLAIS-2024-1-300x235.png 300w, https:\/\/dominiqueouattara.ci\/wp-content\/uploads\/2024\/11\/PLAQUETTE-FAFCI-ANGLAIS-2024-1-1024x801.png 1024w, https:\/\/dominiqueouattara.ci\/wp-content\/uploads\/2024\/11\/PLAQUETTE-FAFCI-ANGLAIS-2024-1-1536x1201.png 1536w, https:\/\/dominiqueouattara.ci\/wp-content\/uploads\/2024\/11\/PLAQUETTE-FAFCI-ANGLAIS-2024-1-200x156.png 200w, https:\/\/dominiqueouattara.ci\/wp-content\/uploads\/2024\/11\/PLAQUETTE-FAFCI-ANGLAIS-2024-1-384x300.png 384w, https:\/\/dominiqueouattara.ci\/wp-content\/uploads\/2024\/11\/PLAQUETTE-FAFCI-ANGLAIS-2024-1-590x461.png 590w, https:\/\/dominiqueouattara.ci\/wp-content\/uploads\/2024\/11\/PLAQUETTE-FAFCI-ANGLAIS-2024-1.png 1920w\" sizes=\"(max-width: 768px) 100vw, 768px\" \/>\t\t\t\t\t\t\t\t<\/a><\/p>\n","protected":false},"excerpt":{"rendered":"<p>Providing financial support to women in C\u00f4te d&#8217;Ivoire The First Lady of C\u00f4te d&#8217;Ivoire, Mrs Dominique Ouattara, has decided to bring to life an electoral promise made by her husband, Mr. Alassane Ouattara, President of the Republic of C\u00f4te d&#8217;Ivoire, which is to make available to the women of C\u00f4te d&#8217;Ivoire a fund in the &hellip;<\/p>\n<p class=\"read-more\"> <a class=\"\" href=\"https:\/\/dominiqueouattara.ci\/en\/providing-financial-support-to-women-in-cote-divoire\/\"> <span class=\"screen-reader-text\">Providing financial support to women in C\u00f4te d&#8217;Ivoire<\/span> Read More &raquo;<\/a><\/p>\n","protected":false},"author":1,"featured_media":0,"parent":0,"menu_order":0,"comment_status":"closed","ping_status":"closed","template":"","meta":{"site-sidebar-layout":"no-sidebar","site-content-layout":"page-builder","ast-global-header-display":"","ast-main-header-display":"","ast-hfb-above-header-display":"","ast-hfb-below-header-display":"","ast-hfb-mobile-header-display":"","site-post-title":"disabled","ast-breadcrumbs-content":"","ast-featured-img":"disabled","footer-sml-layout":"","theme-transparent-header-meta":"default","adv-header-id-meta":"","stick-header-meta":"default","header-above-stick-meta":"","header-main-stick-meta":"","header-below-stick-meta":"","footnotes":""},"yoast_head":"<!-- This site is optimized with the Yoast SEO plugin v22.8 - https:\/\/yoast.com\/wordpress\/plugins\/seo\/ -->\n<title>Providing financial support to women in C\u00f4te d&#039;Ivoire - Dominique Ouattara<\/title>\n<meta name=\"robots\" content=\"index, follow, max-snippet:-1, max-image-preview:large, max-video-preview:-1\" \/>\n<link rel=\"canonical\" href=\"https:\/\/dominiqueouattara.ci\/en\/providing-financial-support-to-women-in-cote-divoire\/\" \/>\n<meta property=\"og:locale\" content=\"en_US\" \/>\n<meta property=\"og:type\" content=\"article\" \/>\n<meta property=\"og:title\" content=\"Providing financial support to women in C\u00f4te d&#039;Ivoire - Dominique Ouattara\" \/>\n<meta property=\"og:description\" content=\"Providing financial support to women in C\u00f4te d&#8217;Ivoire The First Lady of C\u00f4te d&#8217;Ivoire, Mrs Dominique Ouattara, has decided to bring to life an electoral promise made by her husband, Mr. Alassane Ouattara, President of the Republic of C\u00f4te d&#8217;Ivoire, which is to make available to the women of C\u00f4te d&#8217;Ivoire a fund in the &hellip; Providing financial support to women in C\u00f4te d&#8217;Ivoire Read More &raquo;\" \/>\n<meta property=\"og:url\" content=\"https:\/\/dominiqueouattara.ci\/en\/providing-financial-support-to-women-in-cote-divoire\/\" \/>\n<meta property=\"og:site_name\" content=\"Dominique Ouattara\" \/>\n<meta property=\"article:publisher\" content=\"https:\/\/www.facebook.com\/dominiqueouattara.ci?ref=ts\" \/>\n<meta property=\"article:modified_time\" content=\"2024-11-13T12:57:11+00:00\" \/>\n<meta property=\"og:image\" content=\"http:\/\/dominiqueouattara.ci\/wp-content\/uploads\/2019\/03\/FAFCI-AXE-6b-1-1024x768.jpg\" \/>\n<meta name=\"twitter:card\" content=\"summary_large_image\" \/>\n<meta name=\"twitter:site\" content=\"@dominiqueouat\" \/>\n<meta name=\"twitter:label1\" content=\"Est. reading time\" \/>\n\t<meta name=\"twitter:data1\" content=\"2 minutes\" \/>\n<script type=\"application\/ld+json\" class=\"yoast-schema-graph\">{\"@context\":\"https:\/\/schema.org\",\"@graph\":[{\"@type\":\"WebPage\",\"@id\":\"https:\/\/dominiqueouattara.ci\/en\/providing-financial-support-to-women-in-cote-divoire\/\",\"url\":\"https:\/\/dominiqueouattara.ci\/en\/providing-financial-support-to-women-in-cote-divoire\/\",\"name\":\"Providing financial support to women in C\u00f4te d'Ivoire - Dominique Ouattara\",\"isPartOf\":{\"@id\":\"https:\/\/dominiqueouattara.ci\/en\/#website\"},\"primaryImageOfPage\":{\"@id\":\"https:\/\/dominiqueouattara.ci\/en\/providing-financial-support-to-women-in-cote-divoire\/#primaryimage\"},\"image\":{\"@id\":\"https:\/\/dominiqueouattara.ci\/en\/providing-financial-support-to-women-in-cote-divoire\/#primaryimage\"},\"thumbnailUrl\":\"https:\/\/dominiqueouattara.ci\/wp-content\/uploads\/2023\/02\/Rectangle-41-300x9.png\",\"datePublished\":\"2018-06-12T16:58:12+00:00\",\"dateModified\":\"2024-11-13T12:57:11+00:00\",\"breadcrumb\":{\"@id\":\"https:\/\/dominiqueouattara.ci\/en\/providing-financial-support-to-women-in-cote-divoire\/#breadcrumb\"},\"inLanguage\":\"en-US\",\"potentialAction\":[{\"@type\":\"ReadAction\",\"target\":[\"https:\/\/dominiqueouattara.ci\/en\/providing-financial-support-to-women-in-cote-divoire\/\"]}]},{\"@type\":\"ImageObject\",\"inLanguage\":\"en-US\",\"@id\":\"https:\/\/dominiqueouattara.ci\/en\/providing-financial-support-to-women-in-cote-divoire\/#primaryimage\",\"url\":\"https:\/\/dominiqueouattara.ci\/wp-content\/uploads\/2023\/02\/Rectangle-41-300x9.png\",\"contentUrl\":\"https:\/\/dominiqueouattara.ci\/wp-content\/uploads\/2023\/02\/Rectangle-41-300x9.png\"},{\"@type\":\"BreadcrumbList\",\"@id\":\"https:\/\/dominiqueouattara.ci\/en\/providing-financial-support-to-women-in-cote-divoire\/#breadcrumb\",\"itemListElement\":[{\"@type\":\"ListItem\",\"position\":1,\"name\":\"Accueil\",\"item\":\"https:\/\/dominiqueouattara.ci\/en\/\"},{\"@type\":\"ListItem\",\"position\":2,\"name\":\"To support Ivory Coast women\"}]},{\"@type\":\"WebSite\",\"@id\":\"https:\/\/dominiqueouattara.ci\/en\/#website\",\"url\":\"https:\/\/dominiqueouattara.ci\/en\/\",\"name\":\"Dominique Ouattara\",\"description\":\"\",\"potentialAction\":[{\"@type\":\"SearchAction\",\"target\":{\"@type\":\"EntryPoint\",\"urlTemplate\":\"https:\/\/dominiqueouattara.ci\/en\/?s={search_term_string}\"},\"query-input\":\"required name=search_term_string\"}],\"inLanguage\":\"en-US\"}]}<\/script>\n<!-- \/ Yoast SEO plugin. -->","yoast_head_json":{"title":"Providing financial support to women in C\u00f4te d'Ivoire - Dominique Ouattara","robots":{"index":"index","follow":"follow","max-snippet":"max-snippet:-1","max-image-preview":"max-image-preview:large","max-video-preview":"max-video-preview:-1"},"canonical":"https:\/\/dominiqueouattara.ci\/en\/providing-financial-support-to-women-in-cote-divoire\/","og_locale":"en_US","og_type":"article","og_title":"Providing financial support to women in C\u00f4te d'Ivoire - Dominique Ouattara","og_description":"Providing financial support to women in C\u00f4te d&#8217;Ivoire The First Lady of C\u00f4te d&#8217;Ivoire, Mrs Dominique Ouattara, has decided to bring to life an electoral promise made by her husband, Mr. Alassane Ouattara, President of the Republic of C\u00f4te d&#8217;Ivoire, which is to make available to the women of C\u00f4te d&#8217;Ivoire a fund in the &hellip; Providing financial support to women in C\u00f4te d&#8217;Ivoire Read More &raquo;","og_url":"https:\/\/dominiqueouattara.ci\/en\/providing-financial-support-to-women-in-cote-divoire\/","og_site_name":"Dominique Ouattara","article_publisher":"https:\/\/www.facebook.com\/dominiqueouattara.ci?ref=ts","article_modified_time":"2024-11-13T12:57:11+00:00","og_image":[{"url":"http:\/\/dominiqueouattara.ci\/wp-content\/uploads\/2019\/03\/FAFCI-AXE-6b-1-1024x768.jpg"}],"twitter_card":"summary_large_image","twitter_site":"@dominiqueouat","twitter_misc":{"Est. reading time":"2 minutes"},"schema":{"@context":"https:\/\/schema.org","@graph":[{"@type":"WebPage","@id":"https:\/\/dominiqueouattara.ci\/en\/providing-financial-support-to-women-in-cote-divoire\/","url":"https:\/\/dominiqueouattara.ci\/en\/providing-financial-support-to-women-in-cote-divoire\/","name":"Providing financial support to women in C\u00f4te d'Ivoire - Dominique Ouattara","isPartOf":{"@id":"https:\/\/dominiqueouattara.ci\/en\/#website"},"primaryImageOfPage":{"@id":"https:\/\/dominiqueouattara.ci\/en\/providing-financial-support-to-women-in-cote-divoire\/#primaryimage"},"image":{"@id":"https:\/\/dominiqueouattara.ci\/en\/providing-financial-support-to-women-in-cote-divoire\/#primaryimage"},"thumbnailUrl":"https:\/\/dominiqueouattara.ci\/wp-content\/uploads\/2023\/02\/Rectangle-41-300x9.png","datePublished":"2018-06-12T16:58:12+00:00","dateModified":"2024-11-13T12:57:11+00:00","breadcrumb":{"@id":"https:\/\/dominiqueouattara.ci\/en\/providing-financial-support-to-women-in-cote-divoire\/#breadcrumb"},"inLanguage":"en-US","potentialAction":[{"@type":"ReadAction","target":["https:\/\/dominiqueouattara.ci\/en\/providing-financial-support-to-women-in-cote-divoire\/"]}]},{"@type":"ImageObject","inLanguage":"en-US","@id":"https:\/\/dominiqueouattara.ci\/en\/providing-financial-support-to-women-in-cote-divoire\/#primaryimage","url":"https:\/\/dominiqueouattara.ci\/wp-content\/uploads\/2023\/02\/Rectangle-41-300x9.png","contentUrl":"https:\/\/dominiqueouattara.ci\/wp-content\/uploads\/2023\/02\/Rectangle-41-300x9.png"},{"@type":"BreadcrumbList","@id":"https:\/\/dominiqueouattara.ci\/en\/providing-financial-support-to-women-in-cote-divoire\/#breadcrumb","itemListElement":[{"@type":"ListItem","position":1,"name":"Accueil","item":"https:\/\/dominiqueouattara.ci\/en\/"},{"@type":"ListItem","position":2,"name":"To support Ivory Coast women"}]},{"@type":"WebSite","@id":"https:\/\/dominiqueouattara.ci\/en\/#website","url":"https:\/\/dominiqueouattara.ci\/en\/","name":"Dominique Ouattara","description":"","potentialAction":[{"@type":"SearchAction","target":{"@type":"EntryPoint","urlTemplate":"https:\/\/dominiqueouattara.ci\/en\/?s={search_term_string}"},"query-input":"required name=search_term_string"}],"inLanguage":"en-US"}]}},"_links":{"self":[{"href":"https:\/\/dominiqueouattara.ci\/en\/wp-json\/wp\/v2\/pages\/942"}],"collection":[{"href":"https:\/\/dominiqueouattara.ci\/en\/wp-json\/wp\/v2\/pages"}],"about":[{"href":"https:\/\/dominiqueouattara.ci\/en\/wp-json\/wp\/v2\/types\/page"}],"author":[{"embeddable":true,"href":"https:\/\/dominiqueouattara.ci\/en\/wp-json\/wp\/v2\/users\/1"}],"replies":[{"embeddable":true,"href":"https:\/\/dominiqueouattara.ci\/en\/wp-json\/wp\/v2\/comments?post=942"}],"version-history":[{"count":59,"href":"https:\/\/dominiqueouattara.ci\/en\/wp-json\/wp\/v2\/pages\/942\/revisions"}],"predecessor-version":[{"id":54390,"href":"https:\/\/dominiqueouattara.ci\/en\/wp-json\/wp\/v2\/pages\/942\/revisions\/54390"}],"wp:attachment":[{"href":"https:\/\/dominiqueouattara.ci\/en\/wp-json\/wp\/v2\/media?parent=942"}],"curies":[{"name":"wp","href":"https:\/\/api.w.org\/{rel}","templated":true}]}}